{"id":5,"date":"2011-10-29T09:07:29","date_gmt":"2011-10-29T09:07:29","guid":{"rendered":"http:\/\/beratung.berdich-schule.de\/?page_id=5"},"modified":"2014-10-08T20:25:30","modified_gmt":"2014-10-08T18:25:30","slug":"umgestaltung-der-beratungsseite-von-berdich-schule-de","status":"publish","type":"page","link":"http:\/\/beratung.berdich-schule.de\/","title":{"rendered":"Beratungsseite von www.berdich-schule.de"},"content":{"rendered":"<p>Dies ist eine Informationsseite f\u00fcr Eltern, die auf der Suche nach m\u00f6glichen Ideen zur L\u00f6sung von schulischen Problemen sind.<\/p>\n<p>Ich hoffe, dieses Angebot bringt Ihnen und Ihren Kindern die passenden Informationen.<\/p>\n<p>&nbsp;<\/p>\n<p>Mit vielen Gr\u00fc\u00dfen<br \/>\nIhr Volker Berdich<br \/>\n<img loading=\"lazy\" decoding=\"async\" src=\"http:\/\/www.berdich-schule.de\/resources\/_wsb_78x117_Portrait12.jpg\" alt=\"\" width=\"78\" height=\"117\" border=\"0\" \/><br \/>\nBeratungslehrer<br \/>\nGMS Katzwang<\/p>\n","protected":false},"excerpt":{"rendered":"<p>Dies ist eine Informationsseite f\u00fcr Eltern, die auf der Suche nach m\u00f6glichen Ideen zur L\u00f6sung von schulischen Problemen sind. Ich hoffe, dieses Angebot bringt Ihnen und Ihren Kindern die passenden Informationen. &nbsp; Mit vielen Gr\u00fc\u00dfen Ihr Volker Berdich Beratungslehrer GMS Katzwang<\/p>\n","protected":false},"author":1,"featured_media":0,"parent":0,"menu_order":0,"comment_status":"open","ping_status":"open","template":"","meta":{"footnotes":""},"class_list":["post-5","page","type-page","status-publish","hentry"],"_links":{"self":[{"href":"http:\/\/beratung.berdich-schule.de\/index.php?rest_route=\/wp\/v2\/pages\/5","targetHints":{"allow":["GET"]}}],"collection":[{"href":"http:\/\/beratung.berdich-schule.de\/index.php?rest_route=\/wp\/v2\/pages"}],"about":[{"href":"http:\/\/beratung.berdich-schule.de\/index.php?rest_route=\/wp\/v2\/types\/page"}],"author":[{"embeddable":true,"href":"http:\/\/beratung.berdich-schule.de\/index.php?rest_route=\/wp\/v2\/users\/1"}],"replies":[{"embeddable":true,"href":"http:\/\/beratung.berdich-schule.de\/index.php?rest_route=%2Fwp%2Fv2%2Fcomments&post=5"}],"version-history":[{"count":8,"href":"http:\/\/beratung.berdich-schule.de\/index.php?rest_route=\/wp\/v2\/pages\/5\/revisions"}],"predecessor-version":[{"id":92,"href":"http:\/\/beratung.berdich-schule.de\/index.php?rest_route=\/wp\/v2\/pages\/5\/revisions\/92"}],"wp:attachment":[{"href":"http:\/\/beratung.berdich-schule.de\/index.php?rest_route=%2Fwp%2Fv2%2Fmedia&parent=5"}],"curies":[{"name":"wp","href":"https:\/\/api.w.org\/{rel}","templated":true}]}}