{"id":39,"date":"2011-11-08T21:50:40","date_gmt":"2011-11-08T19:50:40","guid":{"rendered":"http:\/\/beratung.berdich-schule.de\/?page_id=39"},"modified":"2012-06-04T17:02:43","modified_gmt":"2012-06-04T15:02:43","slug":"nutzliche-informationen","status":"publish","type":"page","link":"http:\/\/beratung.berdich-schule.de\/?page_id=39","title":{"rendered":"N\u00fctzliche Informationen"},"content":{"rendered":"<p>Erziehungshilfen und weitere Informationen finden sich auch im Internet.<\/p>\n<ul>\n<li><a href=\"http:\/\/www.ane.de\/elternbriefe.html\" target=\"_blank\">http:\/\/www.ane.de\/elternbriefe.html<\/a><\/li>\n<li><a href=\"http:\/\/www.bzga.de\/\" target=\"_blank\">http:\/\/www.bzga.de<\/a><\/li>\n<li><a href=\"http:\/\/www.jugendamt.nuernberg.de\/erziehungsberatung\/angebote.html\" target=\"_blank\">http:\/\/www.jugendamt.nuernberg.de\/erziehungsberatung\/angebote.html<\/a><\/li>\n<li><a href=\"http:\/\/www.starke-eltern.de\/\" target=\"_blank\">http:\/\/www.starke-eltern.de<\/a><\/li>\n<li><a href=\"http:\/\/www.schulpsychologie.de\/ww3ee\/437578.php?sid=92721063302123946023689038903730\" target=\"_blank\">http:\/\/www.schulpsychologie.de<\/a><\/li>\n<li><a href=\"http:\/\/www.deutscher-familienverband.de\/\" target=\"_blank\">Link zum deutschen Familienverband<\/a><\/li>\n<\/ul>\n<p>ADHS Therapie- und Beratungs-Netzwerk f\u00fcr die Region N\u00fcrnberg-F\u00fcrth-Erlangen<\/p>\n<ul>\n<li><a href=\"http:\/\/www.adhs-netzwerk-nuernberg-fuerth-erlangen.de\" target=\"_blank\">www.adhs-netzwerk-nuernberg-fuerth-erlangen.de<\/a><\/li>\n<\/ul>\n<p><a href=\"http:\/\/beratung.berdich-schule.de\/wp-content\/uploads\/2011\/11\/ads_broschuere.pdf\">Hier<\/a> gibt es eine Brosch\u00fcre als Download zum Thema AD(H)S<\/p>\n<p>Hier finden sie interessante Informationen zum Umgang mit Medien in der Erziehung<\/p>\n<ul>\n<li><a href=\"http:\/\/www.schau-hin.info\/\" target=\"_blank\">http:\/\/www.schau-hin.info<\/a><\/li>\n<\/ul>\n<p>Hier finden Sie Informationen rund um das Thema Gesundheit und Hygiene.<\/p>\n<ul>\n<li><a href=\"http:\/\/www.hygiene-tipps-fuer-kids.de\/\" target=\"_blank\">Hygienetipps f\u00fcr Kinder<\/a> des Universit\u00e4tsklinikums Bonn<\/li>\n<li><a href=\"http:\/\/www.wir-gegen-viren.de\/\" target=\"_blank\">Wir gegen Viren<\/a> [Eine Seite des <a href=\"http:\/\/www.rki.de\/\" target=\"_blank\">Robert-Koch-Instituts<\/a> und der <a href=\"http:\/\/www.bzga.de\/\" target=\"_blank\">BZgA<\/a>]<\/li>\n<li><a href=\"http:\/\/www.nuernberg.de\/internet\/gesundheitsamt\/\" target=\"_blank\">Gesundheitsamt der Stadt N\u00fcrnberg<\/a><\/li>\n<li><a href=\"http:\/\/www.stmugv.bayern.de\/\" target=\"_blank\">Bayerische Gesundheitsministerium<\/a><\/li>\n<\/ul>\n","protected":false},"excerpt":{"rendered":"<p>Erziehungshilfen und weitere Informationen finden sich auch im Internet. http:\/\/www.ane.de\/elternbriefe.html http:\/\/www.bzga.de http:\/\/www.jugendamt.nuernberg.de\/erziehungsberatung\/angebote.html http:\/\/www.starke-eltern.de http:\/\/www.schulpsychologie.de Link zum deutschen Familienverband ADHS Therapie- und Beratungs-Netzwerk f\u00fcr die Region N\u00fcrnberg-F\u00fcrth-Erlangen www.adhs-netzwerk-nuernberg-fuerth-erlangen.de Hier gibt es eine Brosch\u00fcre als Download zum Thema AD(H)S Hier finden sie interessante Informationen zum Umgang mit Medien in der Erziehung http:\/\/www.schau-hin.info Hier finden Sie Informationen rund [&hellip;]<\/p>\n","protected":false},"author":1,"featured_media":0,"parent":0,"menu_order":0,"comment_status":"closed","ping_status":"closed","template":"","meta":{"footnotes":""},"class_list":["post-39","page","type-page","status-publish","hentry"],"_links":{"self":[{"href":"http:\/\/beratung.berdich-schule.de\/index.php?rest_route=\/wp\/v2\/pages\/39","targetHints":{"allow":["GET"]}}],"collection":[{"href":"http:\/\/beratung.berdich-schule.de\/index.php?rest_route=\/wp\/v2\/pages"}],"about":[{"href":"http:\/\/beratung.berdich-schule.de\/index.php?rest_route=\/wp\/v2\/types\/page"}],"author":[{"embeddable":true,"href":"http:\/\/beratung.berdich-schule.de\/index.php?rest_route=\/wp\/v2\/users\/1"}],"replies":[{"embeddable":true,"href":"http:\/\/beratung.berdich-schule.de\/index.php?rest_route=%2Fwp%2Fv2%2Fcomments&post=39"}],"version-history":[{"count":5,"href":"http:\/\/beratung.berdich-schule.de\/index.php?rest_route=\/wp\/v2\/pages\/39\/revisions"}],"predecessor-version":[{"id":60,"href":"http:\/\/beratung.berdich-schule.de\/index.php?rest_route=\/wp\/v2\/pages\/39\/revisions\/60"}],"wp:attachment":[{"href":"http:\/\/beratung.berdich-schule.de\/index.php?rest_route=%2Fwp%2Fv2%2Fmedia&parent=39"}],"curies":[{"name":"wp","href":"https:\/\/api.w.org\/{rel}","templated":true}]}}