{"id":37,"date":"2011-11-08T21:49:27","date_gmt":"2011-11-08T19:49:27","guid":{"rendered":"http:\/\/beratung.berdich-schule.de\/?page_id=37"},"modified":"2012-06-04T20:54:27","modified_gmt":"2012-06-04T18:54:27","slug":"fordermoglichkeiten","status":"publish","type":"page","link":"http:\/\/beratung.berdich-schule.de\/?page_id=37","title":{"rendered":"F\u00f6rderm\u00f6glichkeiten"},"content":{"rendered":"<p><strong>R\u00fccken- und Bewegungsschule [R\u00fcBe]<\/strong><br \/>\nZielgruppe:<\/p>\n<ul>\n<li>Kinder, die ihre Haltung, Koordination oder Kondition mit Spiel und Spa\u00df st\u00e4rken wollen<\/li>\n<li>Kinder, die \u00e4ngstlich oder bewegungsgehemmt sind<\/li>\n<li>Kinder mit Gewichtsproblemen<\/li>\n<li>Kinder, die sehr energiegeladen sind und im Unterricht kaum still sitzen k\u00f6nnen<\/li>\n<\/ul>\n<p>Informationen bzgl. R\u00fcBe in Katzwang: Hr. Stangl, Tel. 0911-231-2585 und Fr. Galisch, Tel. 0911-231-2159<br \/>\nDie Anmeldung l\u00e4uft \u00fcber das Gesundheitsamt N\u00fcrnberg: <a href=\"http:\/\/www.erziehungsberatung.nuernberg.de\/\" target=\"_blank\">ruebe@stadt.nuernberg.de<\/a><\/p>\n<p><strong>Schwimmkurse<\/strong><br \/>\n<a href=\"http:\/\/www.berdich-schule.de\/resources\/Schwimmschulen.pdf\" target=\"_blank\">Hier<\/a> befindet sich eine \u00dcbersicht von Anbietern f\u00fcr Schwimmkurse. Die  Angaben sind von 11\/07 aus der Zeitschrift Famos und ohne Gew\u00e4hr.<br \/>\n<strong><br \/>\nKonzentrationstraining und Hilfe bei LRS und Dyskalkulie<\/strong><br \/>\nEin kostenpflichtiges Konzentrationstraining (Marburger Konzentrationstraining) gibt es in der Praxis f\u00fcr Lerntherapie (Sylvia Binder).<br \/>\nDas MKT richtet sich an Kinder, die<\/p>\n<ul>\n<li>sich schlecht auf den Unterricht konzentrieren k\u00f6nnen<\/li>\n<li>mit der Hausaufgabenzeit nicht zurecht kommen<\/li>\n<li>zappelig sind<\/li>\n<li>gerne vor sich hin tr\u00e4umen<\/li>\n<\/ul>\n<p>Weitere Angebote der Praxis f\u00fcr integrative Lerntherapie in N\u00fcrnberg-M\u00fchlhof<\/p>\n<div><img loading=\"lazy\" decoding=\"async\" src=\"http:\/\/www.berdich-schule.de\/resources\/_wsb_95x100_binder.gif\" border=\"0\" alt=\"\" width=\"141\" height=\"148\" \/><\/div>\n<p>Beratung und Therapie bei individuellen Lernst\u00f6rungen (auch nach \u00a735a SGB VIII)<br \/>\n\u2022 Lese- und Rechtsachreibschw\u00e4che und Legasthenie (auch in Englisch)<br \/>\n\u2022 Rechenschw\u00e4che und Dyskalkulie<br \/>\n\u2022 Konzentrations- und Aufmerksamkeitsprobleme<br \/>\n\u2022 Pr\u00fcfungsangst<br \/>\n\u2022 Selbstwirksamkeit, Selbstbewusstsein und Motivation<br \/>\n\u2022 qualifizierte Hausaufgabenbetreuung und Nachhilfe<br \/>\nPraxisteam: Sylvia Binder, integrative Lerntherapeutin , Schulpsychologin<br \/>\nPetra M\u00e4rz, Heilp\u00e4dagogin, zertifizierte Dyslexietherapeutin,<br \/>\nneu: Gerald Binder, Dipl.-P\u00e4d., zertifizierter Dyskalkulietherapeut<br \/>\nKursangebote ab Februar: Konzentrationstraining (Klasse3\/4), Quali-Vorbereitung in Mathematik<\/p>\n<p>Akutell: Kurs f\u00fcr 5. und 6.Klasse Ende Oktober =&gt; <a href=\"http:\/\/www.berdich-schule.de\/resources\/Konz-2011.pdf\" target=\"_blank\">Flyer<\/a><\/p>\n<p>Weitere Informationen unter: Tel. 0911-630726 oder <a href=\"mailto:lerntherapie.nuernberg@arcor.de\">lerntherapie.nuernberg@arcor.de<\/a><br \/>\n&#8212;&#8212;&#8212;&#8212;&#8212;&#8212;&#8212;&#8212;&#8212;&#8212;&#8212;&#8212;&#8212;&#8212;&#8212;&#8212;&#8212;&#8212;&#8212;&#8212;&#8212;&#8212;&#8212;&#8212;&#8212;&#8212;&#8212;&#8212;&#8212;&#8212;&#8212;&#8212;&#8212;&#8212;&#8212;&#8212;&#8212;&#8212;&#8212;&#8212;&#8212;&#8212;&#8212;-<br \/>\nCJD Jugenddorf N\u00fcrnberg<br \/>\nEin kostenpflichtiges Training f\u00fcr Kinder mit Aufmerksamkeitsst\u00f6rungen<\/p>\n<p>Das neuropsychologische Gruppenprogramm ATTENTIONER zur F\u00f6rderung der selektiven Aufmerksamkeit<br \/>\nMehr Informationen unter: <a href=\"https:\/\/homepagebaukasten.1und1.de\/xml\/webfix\/www.cjd-kinderakademie.de\" target=\"_blank\">www.cjd-kinderakademie.de<\/a><br \/>\noder telefonisch unter 0911-9646335<\/p>\n<p><strong>F\u00f6rderung hochbegabter\/besonders begabter Kinder<\/strong><\/p>\n<h4>Anlaufstellen f\u00fcr Information, Beratung, F\u00f6rderung in N\u00fcrnberg und Umgebung<\/h4>\n<p>Netzwerk Besondere      Begabungen<br \/>\n<a href=\"http:\/\/www.netzbb.de\">www.netzbb.de<\/a><\/p>\n<p>Besonders Begabte      Kinder e.V.:<br \/>\nChristel Gebhardt<br \/>\nJakob-Wassermann-Str. 28<br \/>\n0911 \u2013 97 26 733<br \/>\n<a href=\"http:\/\/www.besonders-begabte-kinder.de\/\">www.besonders-begabte-kinder.de<\/a><\/p>\n<p>B\u00fcrgerverein      Reichelsdorf \u2013 M\u00fchlhof e.V.<br \/>\nClaudia B\u00e4tz<br \/>\nLeutershauser Str.56a<br \/>\n90453 N\u00fcrnberg<br \/>\n0911 \u2013 63 12 122<br \/>\n<a href=\"mailto:cjbaetz@nefkom.net\">cjbaetz@nefkom.net<\/a><\/p>\n<p>Deutsche Gesellschaft      f\u00fcr das Hochbegabte Kind (DGhK)<br \/>\nHans \u2013 Ulrich Greiner<br \/>\nRieterstr. 78<br \/>\n90530 Wendelstein<br \/>\n09129 \u2013 28 78 20<br \/>\n<a href=\"http:\/\/www.kleverkids.de\/\">www.Kleverkids.de<\/a><\/p>\n<p>Edison<br \/>\nF\u00f6rderverein der Hochbegabten\u00a0 &#8211; Schulen Franken e.V.<br \/>\nMarkus Dippold<br \/>\nMayer \u2013 Franken \u2013 Str.91<br \/>\n91301 Forchheim<br \/>\n09191 \u2013 79 60 83<br \/>\n<a href=\"http:\/\/www.edison-ev.de\/\">www.edison-ev.de<\/a><\/p>\n<p>Hochbegabtenf\u00f6rderung      e.V.<br \/>\nElterngruppe N\u00fcrnberg<br \/>\nBrigitte Werner<br \/>\nN\u00fcrnberger Stra\u00dfe 4<br \/>\n90537 Feucht<br \/>\n09128 \u2013 72 88 01<br \/>\n<a href=\"mailto:werner_b@t-online.de\">werner_b@t-online.de<\/a><\/p>\n<p>Mensa \u2013 Kids \u2013      Franken (bis 12 Jahre)<br \/>\nGabriele F\u00fcrgut<br \/>\nLercherstr. 15<br \/>\n91091 Gro\u00dfenseebach<br \/>\n09135 \u2013 21 04 28<br \/>\n<a href=\"http:\/\/www.mensa.de\/\">gabi.fuergut.kids@mens.de<br \/>\nwww.mensa.de<\/a><\/p>\n<p>Kinderakademie des CJD Jugenddorf N\u00fcrnberg<\/p>\n<p>Die  Hans-Georg Karg Kindertagesst\u00e4tte widmet sich im Schwerpunkt ihrer  p\u00e4dagogischen Arbeit der Betreuung und F\u00f6rderung hochbegabter und  interessierter Kinder. Weitere Informationen und das aktuelle  Kursprogramm finden sie im Internet unter:<br \/>\n<a href=\"https:\/\/homepagebaukasten.1und1.de\/xml\/webfix\/www.cjd-kinderakademie.de\" target=\"_blank\">www.cjd-kinderakademie.de<\/a><\/p>\n<p>Kontakt (Projektleiterin):<br \/>\nSilvia Summ Tel.: 0911-9646335 oder hochbegabtenkurse@cjd-nuernberg.de<\/p>\n<p><strong><br \/>\nLiteraturliste zum Thema besondere Begabungen:<\/strong><\/p>\n<p>momentan sind sehr viele Neuerscheinungen vorhanden, dies ist nur ein kleiner Ausschnitt:<\/p>\n<p>&nbsp;<\/p>\n<ul>\n<li>Edgar,J.: Hilfe, ich hab\u00b4einen Einstein in meiner Klasse, M\u00fchlheim: Verlag an<\/li>\n<\/ul>\n<p>der Ruhr, 2002, 3-86072-735-4<\/p>\n<ul>\n<li>Huser, Joelle: Lichtblick f\u00fcr helle K\u00f6pfe, Lehrmittelverlag Z\u00fcrich<\/li>\n<\/ul>\n<p>3-9067720-76-4<\/p>\n<ul>\n<li>Schulte zu Berge, S.: Hochbegabte Kinder in der Grundschule, M\u00fcnster:<\/li>\n<\/ul>\n<p>LIT Verlag, 2001, 3-8258-5348-9<\/p>\n<ul>\n<li>Jost, M.: Extra-Klasse?, Wiesbaden: Universum-Verl.-Anst., 1999,<\/li>\n<\/ul>\n<p>3-933355-24-9<\/p>\n<ul>\n<li>Akademie f\u00fcr Lehrerfortbildung Dillingen (Hrsg.); Besonders begabt&#8230;,<\/li>\n<\/ul>\n<p>Akademiebericht Nr. 255, Dillingen<\/p>\n<ul>\n<li>Bundesministerium f\u00fcr Bildung und Wissenschaft BMBW (Hrsg.) Begabte<\/li>\n<\/ul>\n<p>Kinder finden und f\u00f6rdern, 2010<\/p>\n<p><a href=\"http:\/\/www.bmbf.de\/pub\/begabte_kinder_finden_und_foerdern.pdf\">http:\/\/www.bmbf.de\/pub\/begabte_kinder_finden_und_foerdern.pdf<\/a><\/p>\n<ul>\n<li>BMW AG (Hrsg.): Homo Super Sapiens, M\u00fcnchen, 2000<\/li>\n<li>Heller, K.: Hochbegabung im Kinder- und Jugendalter. G\u00f6ttingen: Hogrefe-<\/li>\n<\/ul>\n<p>Verlag, 2001<\/p>\n<ul>\n<li>Spahn, C.: Wenn die Schule versagt \u2013 vom Leidensweg hochbegabter Kinder,<\/li>\n<\/ul>\n<p>Asendorf, 1997<\/p>\n<ul>\n<li>Grassinger, R.: Beratung hochbegabter Kinder und Jugendlicher. LIT-Verlag, \u00a02009<\/li>\n<li>Ziegler, A.: <em>Hochbegabung<\/em>. M\u00fcnchen: UTB, 2008\n<ul>\n<li>Steenbuck, O. et al.: Inklusive Begabungsf\u00f6rderung in der Grundschule. Beltz Verlag, Weinheim, 2011<\/li>\n<\/ul>\n<\/li>\n<\/ul>\n<p><strong> <\/strong><\/p>\n<p><strong>Schulische Angebote<\/strong><\/p>\n<ul>\n<li>jahrgangsgemischte      Eingangsstufen an verschiedenen Grundschulen<\/li>\n<li>Albrecht \u2013 D\u00fcrer \u2013 Gymnasium,      N\u00fcrnberg<\/li>\n<li>Ohm \u2013 Gymnasium,      Erlangen<\/li>\n<\/ul>\n<p><strong>Interessante Internetadressen<\/strong><\/p>\n<ul>\n<li><a href=\"http:\/\/www.br-online.de\/wissen-bildung\/thema\/hochbegabung\">www.br-online.de\/wissen-bildung\/thema\/hochbegabung<\/a><\/li>\n<li><a href=\"http:\/\/www.lernfoerderung.de\/\">www.lernfoerderung.de<\/a><\/li>\n<li><a href=\"http:\/\/www.hochbegabungs-links.de\/\">www.hochbegabungs-links.de<\/a><\/li>\n<li><a href=\"http:\/\/www.begabtenzentrum.at\/\">www.begabtenzentrum.at<\/a><\/li>\n<li><a href=\"http:\/\/www.hoch-begabung.de\/\">www.hoch-begabung.de<\/a><\/li>\n<li>Informationen      zu Elterntrainings \u201eKommunikations- und L\u00f6sungsstrategien f\u00fcr die      Interaktion mit klugen Kindern\u201c<br \/>\n<a href=\"http:\/\/www.paed.uni-muenchen.de\/\">www.paed.uni-muenchen.de\/<\/a><sup> <\/sup>~ppb\/Begabung\/Seiten\/klikk.htm<\/li>\n<\/ul>\n<p>&nbsp;<\/p>\n","protected":false},"excerpt":{"rendered":"<p>R\u00fccken- und Bewegungsschule [R\u00fcBe] Zielgruppe: Kinder, die ihre Haltung, Koordination oder Kondition mit Spiel und Spa\u00df st\u00e4rken wollen Kinder, die \u00e4ngstlich oder bewegungsgehemmt sind Kinder mit Gewichtsproblemen Kinder, die sehr energiegeladen sind und im Unterricht kaum still sitzen k\u00f6nnen Informationen bzgl. R\u00fcBe in Katzwang: Hr. Stangl, Tel. 0911-231-2585 und Fr. Galisch, Tel. 0911-231-2159 Die Anmeldung [&hellip;]<\/p>\n","protected":false},"author":1,"featured_media":0,"parent":0,"menu_order":0,"comment_status":"closed","ping_status":"closed","template":"","meta":{"footnotes":""},"class_list":["post-37","page","type-page","status-publish","hentry"],"_links":{"self":[{"href":"http:\/\/beratung.berdich-schule.de\/index.php?rest_route=\/wp\/v2\/pages\/37","targetHints":{"allow":["GET"]}}],"collection":[{"href":"http:\/\/beratung.berdich-schule.de\/index.php?rest_route=\/wp\/v2\/pages"}],"about":[{"href":"http:\/\/beratung.berdich-schule.de\/index.php?rest_route=\/wp\/v2\/types\/page"}],"author":[{"embeddable":true,"href":"http:\/\/beratung.berdich-schule.de\/index.php?rest_route=\/wp\/v2\/users\/1"}],"replies":[{"embeddable":true,"href":"http:\/\/beratung.berdich-schule.de\/index.php?rest_route=%2Fwp%2Fv2%2Fcomments&post=37"}],"version-history":[{"count":7,"href":"http:\/\/beratung.berdich-schule.de\/index.php?rest_route=\/wp\/v2\/pages\/37\/revisions"}],"predecessor-version":[{"id":68,"href":"http:\/\/beratung.berdich-schule.de\/index.php?rest_route=\/wp\/v2\/pages\/37\/revisions\/68"}],"wp:attachment":[{"href":"http:\/\/beratung.berdich-schule.de\/index.php?rest_route=%2Fwp%2Fv2%2Fmedia&parent=37"}],"curies":[{"name":"wp","href":"https:\/\/api.w.org\/{rel}","templated":true}]}}