{"id":32,"date":"2011-11-08T21:45:38","date_gmt":"2011-11-08T19:45:38","guid":{"rendered":"http:\/\/beratung.berdich-schule.de\/?page_id=32"},"modified":"2012-06-04T17:14:33","modified_gmt":"2012-06-04T15:14:33","slug":"akute-problematiken","status":"publish","type":"page","link":"http:\/\/beratung.berdich-schule.de\/?page_id=32","title":{"rendered":"Akute Problematiken"},"content":{"rendered":"<p><strong>Zeugnisprobleme<\/strong><\/p>\n<p>Sowohl der  Schulpsychologische Dienst in der F\u00fcrther Stra\u00dfe 80a als auch die  Staatliche Schulberatungsstelle in der Glockenhofstra\u00dfe 51 sind am  Freitag (12.02) von 9 Uhr bis etwa 16.30 Uhr telefonisch, per Fax oder  per E-Mail zu erreichen.<br \/>\n<a href=\"http:\/\/www.nz-online.de\/artikel.asp?art=1270475&amp;kat=11&amp;man=3\" target=\"_blank\">Hier<\/a> befinden sich die Kontaktdaten zum Zeugnisnotdienst der Stadt N\u00fcrnberg<\/p>\n<p>Staatliche  Schulberatungsstelle f\u00fcr Mittelfranken: Telefon 58676-10, Fax 58676-30,  E-Mail verwaltung@schulberatung-mittelfranken.de<\/p>\n<p>Schulpsychologischer Dienst der Stadt N\u00fcrnberg: Telefon 231-90 51, Fax 231-90 57, E-Mail Schulpsychologie@stadt.nuernberg.de<\/p>\n<p><a href=\"http:\/\/www.nn-online.de\/artikel.asp?art=1270405&amp;kat=10&amp;man=3\" target=\"_blank\">Hier<\/a> befindet sich ein guter Zeitungsartikel zum Thema Belohnung f\u00fcr Zeugnisse<\/p>\n<p><strong>Kindswohlgef\u00e4hrdung<\/strong><br \/>\nKoordinierende Kinderschutzstelle N\u00fcrnberg Hotline 24h: 09111-231-3333<\/p>\n<ul>\n<li>bei Fragen zu fr\u00fchen Hilfen und gesundem Aufwachsen von Kindern<\/li>\n<li>bei krisenhaften und \u00fcberfordernden Situationen mit Kindern<\/li>\n<li>bei Fragen oder Hinweisen zum Kinderschutz<\/li>\n<\/ul>\n<p>H\u00e4usliche Gewalt oder Sexueller Missbrauch<br \/>\nInformationen zum Umgang hierzu erhalten sie auch unter <a href=\"http:\/\/www.polizei-beratung.de\/rat_hilfe\/opferinfo\/sexueller_missbrauch_von_kindern\/\" target=\"_blank\">www.polizei-beratung.de<\/a><br \/>\nBeauftragte der Polizei f\u00fcr Frauen und Kinder im Polizeipr\u00e4sidium N\u00fcrnberg: 0911-2112-1331<br \/>\nHilfen gibt es auch bei speziellen Beratungseinrichtungen, z.B. Wildwasser e.V., Rauhreif oder Schlupfwinkel<\/p>\n<p><strong>H\u00f6rprobleme<\/strong><br \/>\n<a href=\"http:\/\/www.zentrumfuerhoergeschaedigte.de\/\" target=\"_blank\">Internetseite <\/a>vom Zentrum f\u00fcr H\u00f6rgesch\u00e4digte<br \/>\n<a href=\"http:\/\/www.zentrumfuerhoergeschaedigte.de\/fileadmin\/user_upload\/ZfH\/PDF\/Hoert_Hr_Kind_gut_PAB.pdf\" target=\"_blank\">Flyer<\/a> zum download<\/p>\n<p><strong>Sprachprobleme<\/strong><br \/>\nSchule zur Sprachf\u00f6rderung N\u00fcrnberg<br \/>\n(Hauptschulstufe)<br \/>\nBertha-von-Suttner-Str.29<br \/>\n90439 N\u00fcrnberg<br \/>\nTelefon: 0911-9617852<br \/>\n<a href=\"https:\/\/homepagebaukasten.1und1.de\/xml\/webfix\/www.sprachheilschule-nuernberg@bezirk-mittelfranken.de\" target=\"_blank\">www.sprachheilschule-nuernberg@bezirk-mittelfranken.de<\/a><\/p>\n<p><strong>Sehprobleme<\/strong><br \/>\nInformationen folgen&#8230;<\/p>\n<p><strong>Geldprobleme<\/strong><\/p>\n<p><em>Information der ARGE N\u00fcrnberg<\/em><br \/>\nZus\u00e4tzliche Leistung f\u00fcr Schulbedarf (\u00a7 24a SGB II)<br \/>\n[Die Aktion Schult\u00fcte wurde eingestellt]<\/p>\n<table>\n<tbody>\n<tr>\n<td>Welchen Betrag gibt es?<\/td>\n<td>100 Euro zum 01.08. eines Jahres<\/td>\n<\/tr>\n<tr>\n<td>F\u00fcr welchen Zweck?<\/td>\n<td>Diese zus\u00e4tzliche Beihilfe ist zweckgebunden f\u00fcr Beschaffung von Schulmaterial, B\u00fcchertasche, etc.<\/td>\n<\/tr>\n<tr>\n<td>Wer kann die Leistung erhalten?<\/td>\n<td>Sch\u00fclerinnen und Sch\u00fcler, die das 25. Lebensjahr noch nicht vollendet haben erhalten die Leistung<\/td>\n<\/tr>\n<tr>\n<td>Welche Schule muss besucht werden<\/td>\n<td>Grund- oder\u00a0 Hauptschule (und viele andere m\u00f6glich)<\/td>\n<\/tr>\n<tr>\n<td>Weitere Vorraussetzungen<\/td>\n<td>Zum Stichtag 01.08.&nbsp;<\/p>\n<ul>\n<li>Bezug von SGB II-Leistungen mit mindestens einem Elternteil im Haushalt<\/li>\n<li>selbst hilfebed\u00fcrfig<\/li>\n<\/ul>\n<\/td>\n<\/tr>\n<tr>\n<td>Altersbegrenzung<br \/>\n(Vorlage von Nachweisen)<\/td>\n<td>Schulanf\u00e4nger\/innen,  die nach dem 01.08.2002 geboren sind und Sch\u00fcler\/innen, die vor dem  01.08.1995 geboren sind, m\u00fcssen eine Einschulungs- oder Schulbest\u00e4tigung  vorlegen<\/td>\n<\/tr>\n<tr>\n<td>Muss ein Antrag gestellt werden ?<\/td>\n<td>Nein, die Leistung wird grunds\u00e4tzlich bei Vorliegen aller Vorassetzungen zum 01.08. des Jahres \u00fcberwiesen.<\/td>\n<\/tr>\n<\/tbody>\n<\/table>\n<p><strong> <\/strong><br \/>\n<em>Projekt &#8222;Buntstiftung&#8220;<\/em><br \/>\nAbgabe von Schulmaterial an Sch\u00fclerInnen und StudentInnen, die sich in einer finanziell schwierigen<br \/>\nSituation befinden. Die Preise sind stark reduziert.<br \/>\nVerkaufsstelle im S\u00fcden:<br \/>\nGemeindezentrum Lichtenhof:<br \/>\nAllersberger Str. 114<br \/>\n(Eingang Annastr., in den Mutter- und Kindr\u00e4umen)<br \/>\n90461 N\u00fcrnberg<br \/>\nJeden ersten Mi. im Monat von<br \/>\n15.00 Uhr &#8211; 17.00 Uhr<br \/>\nLangwasser:<br \/>\nSozialzentrum Imbuschstra\u00dfe<br \/>\nImbuschstr. 70\/72<br \/>\n90473 N\u00fcrnberg<br \/>\nTermine auf Anfrage<br \/>\nWer kommt in Frage?<br \/>\nFinanzschwache Familien; Sch\u00fclerInnen, StudentInnen, die eine Schule\/Hochschule in N\u00fcrnberg besuchen.<br \/>\n\u00dcber die finanzielle Bed\u00fcrftigkeit muss ein Nachweis erbracht werden (N\u00fcrnberg-Pass, Arge-Bescheid, Baf\u00f6g-<br \/>\nBescheid).  Auch Geringverdiener k\u00f6nnen, durch Vorzeigen einer  Einkommensbescheinigung, in den Verkaufsstellen g\u00fcnstig einkaufen. Ohne  die verlangten Berechtigungsnachweise kann die Bed\u00fcrftigkeit im  Einzelfall au\u00dferhalb der Verkaufszeiten individuell nachgewiesen werden.<\/p>\n<p>&nbsp;<\/p>\n","protected":false},"excerpt":{"rendered":"<p>Zeugnisprobleme Sowohl der Schulpsychologische Dienst in der F\u00fcrther Stra\u00dfe 80a als auch die Staatliche Schulberatungsstelle in der Glockenhofstra\u00dfe 51 sind am Freitag (12.02) von 9 Uhr bis etwa 16.30 Uhr telefonisch, per Fax oder per E-Mail zu erreichen. Hier befinden sich die Kontaktdaten zum Zeugnisnotdienst der Stadt N\u00fcrnberg Staatliche Schulberatungsstelle f\u00fcr Mittelfranken: Telefon 58676-10, Fax [&hellip;]<\/p>\n","protected":false},"author":1,"featured_media":0,"parent":0,"menu_order":0,"comment_status":"closed","ping_status":"closed","template":"","meta":{"footnotes":""},"class_list":["post-32","page","type-page","status-publish","hentry"],"_links":{"self":[{"href":"http:\/\/beratung.berdich-schule.de\/index.php?rest_route=\/wp\/v2\/pages\/32","targetHints":{"allow":["GET"]}}],"collection":[{"href":"http:\/\/beratung.berdich-schule.de\/index.php?rest_route=\/wp\/v2\/pages"}],"about":[{"href":"http:\/\/beratung.berdich-schule.de\/index.php?rest_route=\/wp\/v2\/types\/page"}],"author":[{"embeddable":true,"href":"http:\/\/beratung.berdich-schule.de\/index.php?rest_route=\/wp\/v2\/users\/1"}],"replies":[{"embeddable":true,"href":"http:\/\/beratung.berdich-schule.de\/index.php?rest_route=%2Fwp%2Fv2%2Fcomments&post=32"}],"version-history":[{"count":4,"href":"http:\/\/beratung.berdich-schule.de\/index.php?rest_route=\/wp\/v2\/pages\/32\/revisions"}],"predecessor-version":[{"id":67,"href":"http:\/\/beratung.berdich-schule.de\/index.php?rest_route=\/wp\/v2\/pages\/32\/revisions\/67"}],"wp:attachment":[{"href":"http:\/\/beratung.berdich-schule.de\/index.php?rest_route=%2Fwp%2Fv2%2Fmedia&parent=32"}],"curies":[{"name":"wp","href":"https:\/\/api.w.org\/{rel}","templated":true}]}}