{"id":28,"date":"2011-11-08T21:40:07","date_gmt":"2011-11-08T19:40:07","guid":{"rendered":"http:\/\/beratung.berdich-schule.de\/?page_id=28"},"modified":"2011-11-20T00:48:15","modified_gmt":"2011-11-19T22:48:15","slug":"beratung-an-der-schule","status":"publish","type":"page","link":"http:\/\/beratung.berdich-schule.de\/?page_id=28","title":{"rendered":"Beratung an der Schule"},"content":{"rendered":"<p><strong>Allgemeine Beratung und Schullaufbahnberatung<\/strong><\/p>\n<p><a href=\"http:\/\/beratung.berdich-schule.de\/wp-content\/uploads\/2011\/11\/Passfoto1.jpg\"><img loading=\"lazy\" decoding=\"async\" class=\"size-medium wp-image-46 alignleft\" title=\"Beratungslehrer\" src=\"http:\/\/beratung.berdich-schule.de\/wp-content\/uploads\/2011\/11\/Passfoto1-206x300.jpg\" alt=\"\" width=\"124\" height=\"180\" srcset=\"http:\/\/beratung.berdich-schule.de\/wp-content\/uploads\/2011\/11\/Passfoto1-206x300.jpg 206w, http:\/\/beratung.berdich-schule.de\/wp-content\/uploads\/2011\/11\/Passfoto1.jpg 460w\" sizes=\"auto, (max-width: 124px) 100vw, 124px\" \/><\/a> Bez\u00fcglich der Schullaufbahnberatung stehe ich ihnen gerne in der Funktion als Beratungslehrer<br \/>\nzur Verf\u00fcgung.<br \/>\nMeine Sprechstunde als Beratungslehrer ist am Mittwoch zwischen 09.50 und 10.30 Uhr.<br \/>\nBitte melden Sie sich vorher per <a href=\"mailto:berdich-katzwang@web.de\">Email<\/a> oder telefonisch \u00fcber das Sekretariat an. Danke.<\/p>\n<p>Beratungslehrer in Katzwang:<br \/>\nVolker Berdich<\/p>\n<p><strong> <\/strong><\/p>\n<p><strong> <\/strong><\/p>\n<p><strong> <\/strong><\/p>\n<p><strong> <\/strong><\/p>\n<p>&nbsp;<\/p>\n<p>&nbsp;<\/p>\n<p><strong>Allgemeine Beratung<\/strong><br \/>\nEine Beratung bei unterschiedlichen schulischen kann auch durch den Beratungslehrer Herrn Steinleitner erfolgen.<br \/>\nHerr Steinleitner f\u00fchrt in unserem Haus die Testungen durch und steht diesbez\u00fcglich Frage und Antwort.<br \/>\nAnmeldung erfolgt telefonisch \u00fcber das Sekrataritat<\/p>\n<p><strong>Schulpsychologische Beratung<\/strong><br \/>\nDer zust\u00e4ndige Schulpsychologe f\u00fcr unser Haus ist Wolfgang Noller.<br \/>\nEmail: <a href=\"mailto:Schulpsychologe-noller@web.de\">Schulpsychologe-noller@web.de<\/a><br \/>\nTel.: T 231-418 41 74<br \/>\nDi.+Fr.: 8.00 \u2013 9.00<\/p>\n<p><strong>Jugendsozialarbeiterin<\/strong><br \/>\nFrau  Gina H\u00fcttner steht Mo, Di, Do und Fr von 7:30 Uhr bis 13:30 Uhr f\u00fcr die  Sch\u00fcler zur Verf\u00fcgung. Sie soll sich haupts\u00e4chlich um die Belange der  Hauptsch\u00fcler k\u00fcmmern. In einzelnen F\u00e4llen k\u00f6nnen aber auch Grundsch\u00fcler  die M\u00f6glichkeit nutzen zu Frau H\u00fcttner zu gehen und dort ihre Sorgen los  zu werden. Es k\u00f6nnen auch die Eltern dort Rat und Hilfe in schulischen  bzw. famili\u00e4ren\/erzieherischen Dingen suchen.<br \/>\nFrau H\u00fcttner ist w\u00e4hrend ihrer Dienstzeiten auch telefonisch zu erreichen: 09122-8087454<\/p>\n","protected":false},"excerpt":{"rendered":"<p>Allgemeine Beratung und Schullaufbahnberatung Bez\u00fcglich der Schullaufbahnberatung stehe ich ihnen gerne in der Funktion als Beratungslehrer zur Verf\u00fcgung. Meine Sprechstunde als Beratungslehrer ist am Mittwoch zwischen 09.50 und 10.30 Uhr. Bitte melden Sie sich vorher per Email oder telefonisch \u00fcber das Sekretariat an. Danke. Beratungslehrer in Katzwang: Volker Berdich &nbsp; &nbsp; Allgemeine Beratung Eine Beratung [&hellip;]<\/p>\n","protected":false},"author":1,"featured_media":0,"parent":0,"menu_order":0,"comment_status":"closed","ping_status":"closed","template":"","meta":{"footnotes":""},"class_list":["post-28","page","type-page","status-publish","hentry"],"_links":{"self":[{"href":"http:\/\/beratung.berdich-schule.de\/index.php?rest_route=\/wp\/v2\/pages\/28","targetHints":{"allow":["GET"]}}],"collection":[{"href":"http:\/\/beratung.berdich-schule.de\/index.php?rest_route=\/wp\/v2\/pages"}],"about":[{"href":"http:\/\/beratung.berdich-schule.de\/index.php?rest_route=\/wp\/v2\/types\/page"}],"author":[{"embeddable":true,"href":"http:\/\/beratung.berdich-schule.de\/index.php?rest_route=\/wp\/v2\/users\/1"}],"replies":[{"embeddable":true,"href":"http:\/\/beratung.berdich-schule.de\/index.php?rest_route=%2Fwp%2Fv2%2Fcomments&post=28"}],"version-history":[{"count":5,"href":"http:\/\/beratung.berdich-schule.de\/index.php?rest_route=\/wp\/v2\/pages\/28\/revisions"}],"predecessor-version":[{"id":49,"href":"http:\/\/beratung.berdich-schule.de\/index.php?rest_route=\/wp\/v2\/pages\/28\/revisions\/49"}],"wp:attachment":[{"href":"http:\/\/beratung.berdich-schule.de\/index.php?rest_route=%2Fwp%2Fv2%2Fmedia&parent=28"}],"curies":[{"name":"wp","href":"https:\/\/api.w.org\/{rel}","templated":true}]}}