{"id":16,"date":"2011-10-30T12:51:44","date_gmt":"2011-10-30T10:51:44","guid":{"rendered":"http:\/\/beratung.berdich-schule.de\/?page_id=16"},"modified":"2012-11-03T16:58:14","modified_gmt":"2012-11-03T14:58:14","slug":"ubertritt-an-andere-schulen","status":"publish","type":"page","link":"http:\/\/beratung.berdich-schule.de\/?page_id=16","title":{"rendered":"\u00dcbertritt an andere Schulen"},"content":{"rendered":"<p>Der \u00dcbertritt nach der Grundschule stellt f\u00fcr  viele Eltern eine problematische Situation dar. \u00dcber die Seite des  Kultusministeriums kann man sich Informationen f\u00fcr die m\u00f6glichen <a href=\"http:\/\/www.meinbildungsweg.de\/uebersicht.php\">Schullaufbahnen<\/a> holen.<\/p>\n<p>Weitere Informationen sind auch bei der &#8222;<a href=\"http:\/\/www.schulberatung.bayern.de\/\" target=\"_blank\">Schulberatung Bayern<\/a>&#8220; oder auf der Seite &#8222;<a href=\"http:\/\/www.realschule.bayern.de\/mf\/schulen\/\" target=\"_blank\">Realschulnetz Bayern<\/a>&#8220;\u00a0 oder &#8222;<a href=\"http:\/\/www.nuernberg.de\/internet\/schulen\/schulen.html\" target=\"_blank\">Schulen in N\u00fcrnberg<\/a>&#8220; abrufbar.<\/p>\n<p><strong>Anmeldungszeitraum<\/strong><br \/>\n<strong>06.  bis 10. Mai 2013 <\/strong>(4.Klassen) mit \u00dcbertrittszeugnis (Orginal!),  Geburtsurkunde oder Familienstammbuch (Orginal) und meist zwei  Passbildern.<\/p>\n<p>Bei den meisten Schulen ist der Mittwoch der Hauptanmeldetag.<\/p>\n<p><strong>Probe-Unterricht<\/strong><br \/>\nDieser  findet an den Tagen <strong>14. bis 16. Mai <\/strong>an den jeweiligen Schulen statt.  Falls Sie planen ihr Kind am Probeunterricht teilnehmen zu lassen,  melden Sie es vorsorglich bei der jeweiligen Schule an.<\/p>\n<p><strong>Informationsabende an den weiterf\u00fchrenden Schulen<\/strong><br \/>\nAdressen und Telefonnummern finden sie auch im Infoheft &#8222;<a title=\"\u00dcbertritt an ein N\u00fcrnberger Gymnasium\" href=\"http:\/\/www.nuernberg.de\/imperia\/md\/schulen\/dokumente\/veroeffentlichungen\/info-brosch__re_2012-13_gymnasien.pdf\" target=\"_blank\">\u00dcbertritt an ein N\u00fcrnberger Gymnasium<\/a>&#8220; oder &#8222;<a title=\"\u00dcbertritt an eine Realschule im Raum N\u00fcrnberg\" href=\"http:\/\/www.nuernberg.de\/imperia\/md\/schulen\/dokumente\/veroeffentlichungen\/merkblatt_realschulen_n__rnberg_2012-13.pdf\" target=\"_blank\">\u00dcbertritt an eine Realschule im Raum N\u00fcrnberg<\/a>&#8220;\u00a0\u00a0 (vom 01.11.12)<\/p>\n<p><strong>Schuljahr 2012\/2013<\/strong> (Termine noch nicht aktualisiert!!)<br \/>\nRealschulen<br \/>\n25.01.\u00a0\u00a0 18:00 Uhr\u00a0\u00a0 Bertolt-Brecht-Schule (Realschule ohne Leistungssportklasse) (N\u00fcrnberg-S\u00fcd)<br \/>\n02.02.\u00a0\u00a0 17:00 Uhr\u00a0\u00a0 Peter-Vischer-Schule (N\u00fcrnberg-Nord)<br \/>\n09.02.\u00a0\u00a0 18:00 Uhr\u00a0\u00a0 Bertolt-Brecht-Schule (Realschule mit Leistungssportklasse) (N\u00fcrnberg-S\u00fcd)<br \/>\n16.02.\u00a0\u00a0 19:00 Uhr\u00a0\u00a0 Adam-Kraft-Realschule (N\u00fcrnberg-S\u00fcdstadt)<br \/>\n21.02.\u00a0\u00a0 18:00 Uhr\u00a0\u00a0 Leopold-Ullstein-Realschule (F\u00fcrth)<br \/>\n22.02.\u00a0\u00a0 19:30 Uhr\u00a0\u00a0 Hans-B\u00f6ckler-Schule (F\u00fcrth)<br \/>\n02.03.\u00a0\u00a0 19:00 Uhr\u00a0\u00a0 Realschule Zirndorf<br \/>\n03.03.\u00a0\u00a0 19:00 Uhr\u00a0\u00a0 Geschwister-Scholl-Realschule (N\u00fcrnberg-West)<br \/>\n23.03.\u00a0\u00a0 19:00 Uhr\u00a0\u00a0 Veit-Sto\u00df-Realschule (N\u00fcrnberg-Nordost)<br \/>\n16.03.\u00a0\u00a0 19.00 Uhr\u00a0\u00a0 Peter-Henlein Realschule Eibach<br \/>\n16.03.\u00a0\u00a0 18:30 Uhr\u00a0\u00a0 Realschule Langenzenn<br \/>\n20.03.\u00a0\u00a0 17.00 Uhr\u00a0\u00a0 Realschule Schwabach = \u00a0 Tag der offenen T\u00fcr\u00a0\u00a0 ab 19.00 Uhr Infoabend<\/p>\n<p>Gymnasien<br \/>\nEs  besteht kein Rechtsanspruch bez\u00fcglich der Aufnahme in ein bestimmtes  Gymnasium. Meist geben r\u00e4umliche Verh\u00e4ltnisse der Schule, die N\u00e4he zur  Schule und soziale Faktoren die Begr\u00fcndung f\u00fcr die Aufnahme an eine  bestimmte Schule.<br \/>\n11.01.\u00a0\u00a0 19.00 Uhr\u00a0\u00a0 Pirckheimer Gymnasium (N\u00fcrnberg-S\u00fcdstadt)<br \/>\n17.01.\u00a0\u00a0 19:00 Uhr\u00a0\u00a0 Melanchton-Gymnasium (N\u00fcrnberg-Nordosten)<br \/>\n18.01.\u00a0\u00a0 19:00 Uhr\u00a0\u00a0 Sigena-Gymnasium (N\u00fcrnberg-S\u00fcdstadt)<br \/>\n19.01.\u00a0\u00a0 18.00 Uhr\u00a0\u00a0 Neues Gymnasium (N\u00fcrnberg-Ost)<br \/>\n20.01.\u00a0\u00a0 19:00 Uhr\u00a0\u00a0 Martin-Behaim-Gymnasium<br \/>\n25.01.\u00a0\u00a0 18.00 Uhr\u00a0\u00a0 Bertolt-Brecht Schule (Sportschule &#8211; Leistungssportklassen: 09.02. ab 18:00 Uhr)<br \/>\n27.01.\u00a0\u00a0 19:00 Uhr\u00a0\u00a0 Labenwolf-Gymnasium<br \/>\n01.02.\u00a0\u00a0 18.30 Uhr\u00a0\u00a0 Adam-Kraft Gymnasium Schwabach (02.02. ab 14:00 Uhr Lern-Rallye)<br \/>\n02.02.\u00a0\u00a0 17:00 Uhr\u00a0\u00a0 Peter-Vischer-Schule (N\u00fcrnberg-Nord)<br \/>\n15.02.\u00a0\u00a0 19:00 Uhr\u00a0\u00a0 Gymnasium Stein<br \/>\n16.02.\u00a0\u00a0 19:00 Uhr\u00a0\u00a0 Willst\u00e4tter-Gymnasium<br \/>\n21.02.\u00a0\u00a0 19:00 Uhr\u00a0\u00a0 Wolfram v. Eschenbach Gymnasium Schwabach (22.02.Schnupperunterricht 14-16Uhr)<br \/>\n24.02.\u00a0\u00a0 19:00 Uhr\u00a0\u00a0 Johannes-Scharrer-Gymnasium<br \/>\n28.02.\u00a0\u00a0 18:00 Uhr\u00a0\u00a0 Sigmund-Schuckert Gymnasium Eibach (N\u00fcrnberg-S\u00fcd)<br \/>\n02.03.\u00a0\u00a0 19:00 Uhr\u00a0\u00a0 D\u00fcrer-Gymnasium<br \/>\n09.03.\u00a0\u00a0 17:30 Uhr\u00a0\u00a0 Hans-Sachs-Gymnasium (und 18:10 Uhr; 18:50 Uhr und 19:30 Uhr) (N\u00fcrnberg-Nord)<br \/>\nxx.xx.\u00a0\u00a0\u00a0 xx:xx Uhr\u00a0 Gymnasium Wendelstein<\/p>\n<p>Private Schulen<br \/>\nXX.XX.\u00a0\u00a0 XX:00 Uhr\u00a0\u00a0 Waldorfschule Wendelstein<br \/>\n01.12.\u00a0\u00a0 19:00 Uhr\u00a0\u00a0 Adolf-Reichwein-Schule (Realschule)<br \/>\n18.01.\u00a0\u00a0 19:00 Uhr\u00a0\u00a0 Sabel-(Real)schule (Beratungstage: 26.02. und 09.04.)<br \/>\n29.01.\u00a0\u00a0 09:00 Uhr\u00a0\u00a0 Wilhelm-L\u00f6he-Schule (kirchlicher Tr\u00e4ger) Realschule und Gymnasium bis 13:00 Uhr<br \/>\n22.02.\u00a0\u00a0 19:00 Uhr\u00a0\u00a0 Maria-Ward-Gymnasium (privat &#8211; nur f\u00fcr M\u00e4dchen)<br \/>\n23.02.\u00a0\u00a0 19:00 Uhr\u00a0\u00a0 Maria-Ward-Realschule (privat &#8211; nur f\u00fcr M\u00e4dchen)<\/p>\n<p>Hier finden sie die Informationsbrosch\u00fcre des Bayerischen Staatsministeriums f\u00fcr Unterricht und Kultus zum <a href=\"http:\/\/www.verwaltung.bayern.de\/Anlage3599818\/WelcheSchuleistdierichtige2008.pdf\" target=\"_blank\">Download<\/a>.<\/p>\n<p>Die beiden folgenden Links besch\u00e4ftigen sich mit den genauen \u00dcbertrittsregelungen:<br \/>\n<a href=\"http:\/\/www.km.bayern.de\/km\/schule\/schularten\/allgemein\/uebertritt\/real_kl5\/index.shtml\" target=\"_blank\">Realschule<\/a><br \/>\n<a href=\"http:\/\/www.km.bayern.de\/km\/schule\/schularten\/allgemein\/uebertritt\/gym_kl5\/index.shtml\" target=\"_blank\">Gymnasium<\/a><\/p>\n<p>Hier sind die Links einiger Schulen in der n\u00e4heren Umgebung:<br \/>\n<a href=\"http:\/\/www.peter-henlein-realschule.de\/joomla2\/index.php\" target=\"_blank\">Peter-Henlein-Realschule N\u00fcrnberg<\/a><br \/>\n<a href=\"http:\/\/www.rs-schwabach.de\/\" target=\"_blank\">Staatliche Realschule Schwabach<\/a><br \/>\n<a href=\"http:\/\/www.weg-schwabach.de\/\" target=\"_blank\">Wolfram-von-Eschenbach-Gymnasium Schwabach<\/a><br \/>\n<a href=\"http:\/\/www.sc.shuttle.de\/sc\/akg\/top\/index.html\" target=\"_blank\">Adam-Kraft-Gymnasium Schwabach <\/a><br \/>\n<a href=\"http:\/\/www.sigmund-schuckert-gymnasium.de\/\" target=\"_blank\">Sigmund-Schuckert-Gymnasium N\u00fcrnberg<\/a><\/p>\n<p>Weiter Schulen und ihre Links:<br \/>\n<a href=\"http:\/\/www.ngn-online.de\/\" target=\"_blank\">Neues Gymnasium N\u00fcrnberg<\/a><\/p>\n<p>Bez\u00fcglich der Schullaufbahnberatung stehe ich ihnen gerne in der Funktion als Beratungslehrer zur Verf\u00fcgung.<br \/>\nMeine Sprechstunde als Beratungslehrer ist am Donnerstag zwischen 12.15 und 13.00 Uhr. Bitte melden Sie sich vorher per <a href=\"mailto:berdich-katzwang@web.de\">Email<\/a> oder telefonisch \u00fcber das Sekretariat an. Danke.<\/p>\n<p>Ganztagesangebot des Mittelschulverbund S\u00fcdwest<br \/>\nKatzwang: offene Ganztagesgruppe<br \/>\n=&gt; Betreuung bis ca. 16.00 Uhr (an zwei bis vier Nachmittagen buchbar)<br \/>\n=&gt; Kosten nur f\u00fcr das Mittagessen (3\u20ac\/Tag) und f\u00fcr Material (50\u20ac)<\/p>\n","protected":false},"excerpt":{"rendered":"<p>Der \u00dcbertritt nach der Grundschule stellt f\u00fcr viele Eltern eine problematische Situation dar. \u00dcber die Seite des Kultusministeriums kann man sich Informationen f\u00fcr die m\u00f6glichen Schullaufbahnen holen. Weitere Informationen sind auch bei der &#8222;Schulberatung Bayern&#8220; oder auf der Seite &#8222;Realschulnetz Bayern&#8220;\u00a0 oder &#8222;Schulen in N\u00fcrnberg&#8220; abrufbar. Anmeldungszeitraum 06. bis 10. Mai 2013 (4.Klassen) mit \u00dcbertrittszeugnis [&hellip;]<\/p>\n","protected":false},"author":1,"featured_media":0,"parent":0,"menu_order":0,"comment_status":"open","ping_status":"open","template":"","meta":{"footnotes":""},"class_list":["post-16","page","type-page","status-publish","hentry"],"_links":{"self":[{"href":"http:\/\/beratung.berdich-schule.de\/index.php?rest_route=\/wp\/v2\/pages\/16","targetHints":{"allow":["GET"]}}],"collection":[{"href":"http:\/\/beratung.berdich-schule.de\/index.php?rest_route=\/wp\/v2\/pages"}],"about":[{"href":"http:\/\/beratung.berdich-schule.de\/index.php?rest_route=\/wp\/v2\/types\/page"}],"author":[{"embeddable":true,"href":"http:\/\/beratung.berdich-schule.de\/index.php?rest_route=\/wp\/v2\/users\/1"}],"replies":[{"embeddable":true,"href":"http:\/\/beratung.berdich-schule.de\/index.php?rest_route=%2Fwp%2Fv2%2Fcomments&post=16"}],"version-history":[{"count":5,"href":"http:\/\/beratung.berdich-schule.de\/index.php?rest_route=\/wp\/v2\/pages\/16\/revisions"}],"predecessor-version":[{"id":80,"href":"http:\/\/beratung.berdich-schule.de\/index.php?rest_route=\/wp\/v2\/pages\/16\/revisions\/80"}],"wp:attachment":[{"href":"http:\/\/beratung.berdich-schule.de\/index.php?rest_route=%2Fwp%2Fv2%2Fmedia&parent=16"}],"curies":[{"name":"wp","href":"https:\/\/api.w.org\/{rel}","templated":true}]}}